{"id":2993,"date":"2019-08-05T13:23:08","date_gmt":"2019-08-05T13:23:08","guid":{"rendered":"https:\/\/staging.plainlyspeaking.ca\/writing-editing\/"},"modified":"2026-01-08T15:29:42","modified_gmt":"2026-01-08T15:29:42","slug":"redaction-et-revision","status":"publish","type":"page","link":"https:\/\/plainlyspeaking.ca\/fr\/redaction-et-revision\/","title":{"rendered":"R\u00e9daction et r\u00e9vision"},"content":{"rendered":"","protected":false},"excerpt":{"rendered":"","protected":false},"author":1,"featured_media":0,"parent":0,"menu_order":0,"comment_status":"closed","ping_status":"closed","template":"template-writing-editing.php","meta":{"_acf_changed":false,"inline_featured_image":false,"footnotes":""},"class_list":["post-2993","page","type-page","status-publish","hentry"],"acf":[],"yoast_head":"<!-- This site is optimized with the Yoast SEO plugin v27.3 - https:\/\/yoast.com\/product\/yoast-seo-wordpress\/ -->\n<title>R\u00e9daction et r\u00e9vision | Agence de communication<\/title>\n<meta name=\"description\" content=\"Nos r\u00e9dacteurs et r\u00e9viseurs peuvent vous aider \u00e0 r\u00e9diger des articles, du contenu Web, des rapports, des scripts et plus encore. Nous sommes sp\u00e9cialistes de la r\u00e9daction en langage clair.\" \/>\n<meta name=\"robots\" content=\"index, follow, max-snippet:-1, max-image-preview:large, max-video-preview:-1\" \/>\n<link rel=\"canonical\" href=\"https:\/\/plainlyspeaking.ca\/fr\/redaction-et-revision\/\" \/>\n<meta property=\"og:locale\" content=\"fr_FR\" \/>\n<meta property=\"og:type\" content=\"article\" \/>\n<meta property=\"og:title\" content=\"R\u00e9daction et r\u00e9vision | Agence de communication\" \/>\n<meta property=\"og:description\" content=\"Nos r\u00e9dacteurs et r\u00e9viseurs peuvent vous aider \u00e0 r\u00e9diger des articles, du contenu Web, des rapports, des scripts et plus encore. Nous sommes sp\u00e9cialistes de la r\u00e9daction en langage clair.\" \/>\n<meta property=\"og:url\" content=\"https:\/\/plainlyspeaking.ca\/fr\/redaction-et-revision\/\" \/>\n<meta property=\"og:site_name\" content=\"Plainly Speaking\" \/>\n<meta property=\"article:publisher\" content=\"https:\/\/www.facebook.com\/PlainlySpeaking\/\" \/>\n<meta property=\"article:modified_time\" content=\"2026-01-08T15:29:42+00:00\" \/>\n<meta property=\"og:image\" content=\"https:\/\/plainlyspeaking.ca\/wp-content\/uploads\/2019\/08\/writing-editing.jpg\" \/>\n\t<meta property=\"og:image:width\" content=\"1921\" \/>\n\t<meta property=\"og:image:height\" content=\"525\" \/>\n\t<meta property=\"og:image:type\" content=\"image\/jpeg\" \/>\n<meta name=\"twitter:card\" content=\"summary_large_image\" \/>\n<meta name=\"twitter:image\" content=\"https:\/\/plainlyspeaking.ca\/wp-content\/uploads\/2019\/08\/writing-editing.jpg\" \/>\n<meta name=\"twitter:site\" content=\"@plainlyspeaking\" \/>\n<meta name=\"twitter:label1\" content=\"Dur\u00e9e de lecture estim\u00e9e\" \/>\n\t<meta name=\"twitter:data1\" content=\"2 minutes\" \/>\n<script type=\"application\/ld+json\" class=\"yoast-schema-graph\">{\"@context\":\"https:\\\/\\\/schema.org\",\"@graph\":[{\"@type\":\"WebPage\",\"@id\":\"https:\\\/\\\/plainlyspeaking.ca\\\/fr\\\/redaction-et-revision\\\/\",\"url\":\"https:\\\/\\\/plainlyspeaking.ca\\\/fr\\\/redaction-et-revision\\\/\",\"name\":\"R\u00e9daction et r\u00e9vision | Agence de communication\",\"isPartOf\":{\"@id\":\"https:\\\/\\\/plainlyspeaking.ca\\\/fr\\\/#website\"},\"datePublished\":\"2019-08-05T13:23:08+00:00\",\"dateModified\":\"2026-01-08T15:29:42+00:00\",\"description\":\"Nos r\u00e9dacteurs et r\u00e9viseurs peuvent vous aider \u00e0 r\u00e9diger des articles, du contenu Web, des rapports, des scripts et plus encore. Nous sommes sp\u00e9cialistes de la r\u00e9daction en langage clair.\",\"breadcrumb\":{\"@id\":\"https:\\\/\\\/plainlyspeaking.ca\\\/fr\\\/redaction-et-revision\\\/#breadcrumb\"},\"inLanguage\":\"fr-FR\",\"potentialAction\":[{\"@type\":\"ReadAction\",\"target\":[\"https:\\\/\\\/plainlyspeaking.ca\\\/fr\\\/redaction-et-revision\\\/\"]}]},{\"@type\":\"BreadcrumbList\",\"@id\":\"https:\\\/\\\/plainlyspeaking.ca\\\/fr\\\/redaction-et-revision\\\/#breadcrumb\",\"itemListElement\":[{\"@type\":\"ListItem\",\"position\":1,\"name\":\"Accueil\",\"item\":\"https:\\\/\\\/plainlyspeaking.ca\\\/fr\\\/\"},{\"@type\":\"ListItem\",\"position\":2,\"name\":\"R\u00e9daction et r\u00e9vision\"}]},{\"@type\":\"WebSite\",\"@id\":\"https:\\\/\\\/plainlyspeaking.ca\\\/fr\\\/#website\",\"url\":\"https:\\\/\\\/plainlyspeaking.ca\\\/fr\\\/\",\"name\":\"Plainly Speaking\",\"description\":\"\",\"potentialAction\":[{\"@type\":\"SearchAction\",\"target\":{\"@type\":\"EntryPoint\",\"urlTemplate\":\"https:\\\/\\\/plainlyspeaking.ca\\\/fr\\\/?s={search_term_string}\"},\"query-input\":{\"@type\":\"PropertyValueSpecification\",\"valueRequired\":true,\"valueName\":\"search_term_string\"}}],\"inLanguage\":\"fr-FR\"}]}<\/script>\n<!-- \/ Yoast SEO plugin. -->","yoast_head_json":{"title":"R\u00e9daction et r\u00e9vision | Agence de communication","description":"Nos r\u00e9dacteurs et r\u00e9viseurs peuvent vous aider \u00e0 r\u00e9diger des articles, du contenu Web, des rapports, des scripts et plus encore. Nous sommes sp\u00e9cialistes de la r\u00e9daction en langage clair.","robots":{"index":"index","follow":"follow","max-snippet":"max-snippet:-1","max-image-preview":"max-image-preview:large","max-video-preview":"max-video-preview:-1"},"canonical":"https:\/\/plainlyspeaking.ca\/fr\/redaction-et-revision\/","og_locale":"fr_FR","og_type":"article","og_title":"R\u00e9daction et r\u00e9vision | Agence de communication","og_description":"Nos r\u00e9dacteurs et r\u00e9viseurs peuvent vous aider \u00e0 r\u00e9diger des articles, du contenu Web, des rapports, des scripts et plus encore. Nous sommes sp\u00e9cialistes de la r\u00e9daction en langage clair.","og_url":"https:\/\/plainlyspeaking.ca\/fr\/redaction-et-revision\/","og_site_name":"Plainly Speaking","article_publisher":"https:\/\/www.facebook.com\/PlainlySpeaking\/","article_modified_time":"2026-01-08T15:29:42+00:00","og_image":[{"width":1921,"height":525,"url":"https:\/\/plainlyspeaking.ca\/wp-content\/uploads\/2019\/08\/writing-editing.jpg","type":"image\/jpeg"}],"twitter_card":"summary_large_image","twitter_image":"https:\/\/plainlyspeaking.ca\/wp-content\/uploads\/2019\/08\/writing-editing.jpg","twitter_site":"@plainlyspeaking","twitter_misc":{"Dur\u00e9e de lecture estim\u00e9e":"2 minutes"},"schema":{"@context":"https:\/\/schema.org","@graph":[{"@type":"WebPage","@id":"https:\/\/plainlyspeaking.ca\/fr\/redaction-et-revision\/","url":"https:\/\/plainlyspeaking.ca\/fr\/redaction-et-revision\/","name":"R\u00e9daction et r\u00e9vision | Agence de communication","isPartOf":{"@id":"https:\/\/plainlyspeaking.ca\/fr\/#website"},"datePublished":"2019-08-05T13:23:08+00:00","dateModified":"2026-01-08T15:29:42+00:00","description":"Nos r\u00e9dacteurs et r\u00e9viseurs peuvent vous aider \u00e0 r\u00e9diger des articles, du contenu Web, des rapports, des scripts et plus encore. Nous sommes sp\u00e9cialistes de la r\u00e9daction en langage clair.","breadcrumb":{"@id":"https:\/\/plainlyspeaking.ca\/fr\/redaction-et-revision\/#breadcrumb"},"inLanguage":"fr-FR","potentialAction":[{"@type":"ReadAction","target":["https:\/\/plainlyspeaking.ca\/fr\/redaction-et-revision\/"]}]},{"@type":"BreadcrumbList","@id":"https:\/\/plainlyspeaking.ca\/fr\/redaction-et-revision\/#breadcrumb","itemListElement":[{"@type":"ListItem","position":1,"name":"Accueil","item":"https:\/\/plainlyspeaking.ca\/fr\/"},{"@type":"ListItem","position":2,"name":"R\u00e9daction et r\u00e9vision"}]},{"@type":"WebSite","@id":"https:\/\/plainlyspeaking.ca\/fr\/#website","url":"https:\/\/plainlyspeaking.ca\/fr\/","name":"Plainly Speaking","description":"","potentialAction":[{"@type":"SearchAction","target":{"@type":"EntryPoint","urlTemplate":"https:\/\/plainlyspeaking.ca\/fr\/?s={search_term_string}"},"query-input":{"@type":"PropertyValueSpecification","valueRequired":true,"valueName":"search_term_string"}}],"inLanguage":"fr-FR"}]}},"_links":{"self":[{"href":"https:\/\/plainlyspeaking.ca\/fr\/wp-json\/wp\/v2\/pages\/2993","targetHints":{"allow":["GET"]}}],"collection":[{"href":"https:\/\/plainlyspeaking.ca\/fr\/wp-json\/wp\/v2\/pages"}],"about":[{"href":"https:\/\/plainlyspeaking.ca\/fr\/wp-json\/wp\/v2\/types\/page"}],"author":[{"embeddable":true,"href":"https:\/\/plainlyspeaking.ca\/fr\/wp-json\/wp\/v2\/users\/1"}],"replies":[{"embeddable":true,"href":"https:\/\/plainlyspeaking.ca\/fr\/wp-json\/wp\/v2\/comments?post=2993"}],"version-history":[{"count":5,"href":"https:\/\/plainlyspeaking.ca\/fr\/wp-json\/wp\/v2\/pages\/2993\/revisions"}],"predecessor-version":[{"id":3104,"href":"https:\/\/plainlyspeaking.ca\/fr\/wp-json\/wp\/v2\/pages\/2993\/revisions\/3104"}],"wp:attachment":[{"href":"https:\/\/plainlyspeaking.ca\/fr\/wp-json\/wp\/v2\/media?parent=2993"}],"curies":[{"name":"wp","href":"https:\/\/api.w.org\/{rel}","templated":true}]}}